{"id":1002,"date":"2021-10-08T06:08:04","date_gmt":"2021-10-08T06:08:04","guid":{"rendered":"https:\/\/tsispa.com\/index.php\/about\/"},"modified":"2025-09-13T20:39:28","modified_gmt":"2025-09-13T18:39:28","slug":"sobre-nosotros","status":"publish","type":"page","link":"https:\/\/tsispa.com\/en\/sobre-nosotros\/","title":{"rendered":"About Tsispa"},"content":{"rendered":"<div class=\"wp-block-uagb-container uagb-block-7f826306 alignfull uagb-is-root-container\"><div class=\"uagb-container-inner-blocks-wrap\">\n<div class=\"wp-block-uagb-container uagb-block-048907fa\">\n<div class=\"wp-block-uagb-advanced-heading uagb-block-fccb81b8\"><h1 class=\"uagb-heading-text\">About Tsispa<\/h1><\/div>\n<\/div>\n\n\n\n<div class=\"wp-block-uagb-container uagb-block-2ed6c30a\">\n<div class=\"wp-block-uagb-info-box uagb-block-6eae1f46 uagb-infobox__content-wrap  uagb-infobox-icon-above-title uagb-infobox-image-valign-top\"><div class=\"uagb-ifb-content\"><div class=\"uagb-ifb-separator\"><\/div><div class=\"uagb-ifb-title-wrap\"><h3 class=\"uagb-ifb-title\">You are unique, so are your clothes<\/h3><\/div><\/div><\/div>\n<\/div>\n<\/div><\/div>\n\n\n\n<div class=\"wp-block-uagb-container uagb-block-cb8a27eb alignfull uagb-is-root-container\"><div class=\"uagb-container-inner-blocks-wrap\">\n<div class=\"wp-block-uagb-container uagb-block-1ffc9321\">\n<div class=\"wp-block-uagb-advanced-heading uagb-block-27f47db3\"><h6 class=\"uagb-heading-text\">Our Philosophy<\/h6><\/div>\n<\/div>\n\n\n\n<div class=\"wp-block-uagb-container uagb-block-6fd6ef76\">\n<p>At our slow fashion brand, we celebrate authentic individuals who seek to stand out from the crowd. We want every garment you choose to become an expression of your personality and a constant reminder of your power to make a difference.<\/p>\n\n\n\n<p>We speak to those who reject the monotony of the conventional and long to escape the ordinary basics. For us, clothing is more than just getting dressed; it is an opportunity to play, to express your uniqueness.<\/p>\n\n\n\n<p>Each piece we create is an invitation to explore your individuality and embrace the extraordinary. We strive to push beyond the limits of the commonplace, transforming every essential into a unique, vibrant work of art\u2014without sacrificing practicality. <\/p>\n\n\n\n<p><strong>Discover the freedom of being truly unique with every piece you choose from our collection.<\/strong><\/p>\n\n\n\n<p><\/p>\n\n\n\n<div class=\"wp-block-uagb-info-box uagb-block-6cedd68b uagb-infobox__content-wrap  uagb-infobox-icon-left uagb-infobox-left uagb-infobox-image-valign-middle\"><div class=\"uagb-ifb-image-content\"><img decoding=\"async\" src=\"https:\/\/tsispa.com\/wp-content\/uploads\/2023\/11\/regina-380x570.jpg\" alt=\"\" width=\"380\" height=\"570\" loading=\"lazy\" title=\"\"><\/div><div class=\"uagb-ifb-content\"><div class=\"uagb-ifb-title-wrap\"><h6 class=\"uagb-ifb-title\">REGINA FARIAS<\/h6><\/div><p class=\"uagb-ifb-desc\">Founder<\/p><\/div><\/div>\n<\/div>\n<\/div><\/div>\n\n\n\n<div class=\"wp-block-uagb-container uagb-block-49ac6c54 alignfull uagb-is-root-container\"><div class=\"uagb-container-inner-blocks-wrap\">\n<div class=\"wp-block-uagb-container uagb-block-31678c7a\"><\/div>\n\n\n\n<div class=\"wp-block-uagb-container uagb-block-c27f1001\"><\/div>\n\n\n\n<div class=\"wp-block-uagb-container uagb-block-5f6db9c8\"><\/div>\n\n\n\n<div class=\"wp-block-uagb-container uagb-block-ce084b80\"><\/div>\n\n\n\n<div class=\"wp-block-uagb-container uagb-block-d319bd77\"><\/div>\n\n\n\n<div class=\"wp-block-uagb-container uagb-block-d47921e8\"><\/div>\n<\/div><\/div>","protected":false},"excerpt":{"rendered":"<p>Sobre Tsispa NUESTRA filosof\u00eda En nuestra marca de slow fashion, celebramos a personas aut\u00e9nticas que buscan destacar entre la multitud. Queremos que cada prenda que elijas se convierta en una expresi\u00f3n de tu personalidad y un recordatorio constante de tu poder para marcar la diferencia. Nos dirigimos a aquellos que rechazan la monoton\u00eda de lo [&hellip;]<\/p>","protected":false},"author":1,"featured_media":0,"parent":0,"menu_order":8,"comment_status":"closed","ping_status":"closed","template":"","meta":{"_uag_custom_page_level_css":"","_uf_show_specific_survey":0,"_uf_disable_surveys":false,"site-sidebar-layout":"no-sidebar","site-content-layout":"plain-container","ast-site-content-layout":"normal-width-container","site-content-style":"unboxed","site-sidebar-style":"unboxed","ast-global-header-display":"","ast-banner-title-visibility":"","ast-main-header-display":"","ast-hfb-above-header-display":"","ast-hfb-below-header-display":"","ast-hfb-mobile-header-display":"","site-post-title":"disabled","ast-breadcrumbs-content":"","ast-featured-img":"","footer-sml-layout":"","theme-transparent-header-meta":"disabled","adv-header-id-meta":"","stick-header-meta":"","header-above-stick-meta":"","header-main-stick-meta":"","header-below-stick-meta":"","astra-migrate-meta-layouts":"set","ast-page-background-enabled":"default","ast-page-background-meta":{"desktop":{"background-color":"var(--ast-global-color-4)","background-image":"","background-repeat":"repeat","background-position":"center center","background-size":"auto","background-attachment":"scroll","background-type":"","background-media":"","overlay-type":"","overlay-color":"","overlay-opacity":"","overlay-gradient":""},"tablet":{"background-color":"","background-image":"","background-repeat":"repeat","background-position":"center center","background-size":"auto","background-attachment":"scroll","background-type":"","background-media":"","overlay-type":"","overlay-color":"","overlay-opacity":"","overlay-gradient":""},"mobile":{"background-color":"","background-image":"","background-repeat":"repeat","background-position":"center center","background-size":"auto","background-attachment":"scroll","background-type":"","background-media":"","overlay-type":"","overlay-color":"","overlay-opacity":"","overlay-gradient":""}},"ast-content-background-meta":{"desktop":{"background-color":"var(--ast-global-color-5)","background-image":"","background-repeat":"repeat","background-position":"center center","background-size":"auto","background-attachment":"scroll","background-type":"","background-media":"","overlay-type":"","overlay-color":"","overlay-opacity":"","overlay-gradient":""},"tablet":{"background-color":"var(--ast-global-color-5)","background-image":"","background-repeat":"repeat","background-position":"center center","background-size":"auto","background-attachment":"scroll","background-type":"","background-media":"","overlay-type":"","overlay-color":"","overlay-opacity":"","overlay-gradient":""},"mobile":{"background-color":"var(--ast-global-color-5)","background-image":"","background-repeat":"repeat","background-position":"center center","background-size":"auto","background-attachment":"scroll","background-type":"","background-media":"","overlay-type":"","overlay-color":"","overlay-opacity":"","overlay-gradient":""}},"footnotes":""},"class_list":["post-1002","page","type-page","status-publish","hentry"],"uagb_featured_image_src":{"full":false,"thumbnail":false,"medium":false,"medium_large":false,"large":false,"1536x1536":false,"2048x2048":false,"trp-custom-language-flag":false,"woocommerce_thumbnail":false,"woocommerce_single":false,"woocommerce_gallery_thumbnail":false},"uagb_author_info":{"display_name":"tsispa.com","author_link":"https:\/\/tsispa.com\/en\/author\/tsispa-com\/"},"uagb_comment_info":0,"uagb_excerpt":"Sobre Tsispa NUESTRA filosof\u00eda En nuestra marca de slow fashion, celebramos a personas aut\u00e9nticas que buscan destacar entre la multitud. Queremos que cada prenda que elijas se convierta en una expresi\u00f3n de tu personalidad y un recordatorio constante de tu poder para marcar la diferencia. Nos dirigimos a aquellos que rechazan la monoton\u00eda de lo&hellip;","_links":{"self":[{"href":"https:\/\/tsispa.com\/en\/wp-json\/wp\/v2\/pages\/1002","targetHints":{"allow":["GET"]}}],"collection":[{"href":"https:\/\/tsispa.com\/en\/wp-json\/wp\/v2\/pages"}],"about":[{"href":"https:\/\/tsispa.com\/en\/wp-json\/wp\/v2\/types\/page"}],"author":[{"embeddable":true,"href":"https:\/\/tsispa.com\/en\/wp-json\/wp\/v2\/users\/1"}],"replies":[{"embeddable":true,"href":"https:\/\/tsispa.com\/en\/wp-json\/wp\/v2\/comments?post=1002"}],"version-history":[{"count":12,"href":"https:\/\/tsispa.com\/en\/wp-json\/wp\/v2\/pages\/1002\/revisions"}],"predecessor-version":[{"id":6527,"href":"https:\/\/tsispa.com\/en\/wp-json\/wp\/v2\/pages\/1002\/revisions\/6527"}],"wp:attachment":[{"href":"https:\/\/tsispa.com\/en\/wp-json\/wp\/v2\/media?parent=1002"}],"curies":[{"name":"wp","href":"https:\/\/api.w.org\/{rel}","templated":true}]}}