{"id":3,"date":"2023-11-22T21:47:50","date_gmt":"2023-11-22T20:47:50","guid":{"rendered":"http:\/\/tsispa.com\/?page_id=3"},"modified":"2024-01-12T12:01:44","modified_gmt":"2024-01-12T11:01:44","slug":"politica-privacidad","status":"publish","type":"page","link":"https:\/\/tsispa.com\/en\/politica-privacidad\/","title":{"rendered":"Privacy Policy"},"content":{"rendered":"<p><strong>1. Information Collected<\/strong><\/p>\n\n\n\n<p>TSISPA (\u201cwe,\u201d \u201cour,\u201d or \u201cthe Company\u201d) collects personal information from users of our online store. This information may include, among others, names, email addresses, shipping addresses, payment information, and purchase details.<\/p>\n\n\n\n<p><strong>2. Use of Information<\/strong><\/p>\n\n\n\n<p>The personal information collected is used to process orders, facilitate product delivery, provide information about order status, manage user accounts, and send communications related to products and special offers.<\/p>\n\n\n\n<p><strong>3. Protection of Information<\/strong><\/p>\n\n\n\n<p>We take measures to protect the security of personal information. We employ physical and electronic safeguards to ensure the security and confidentiality of personal information. We do not share information with unrelated third parties, unless it is necessary to process an order or comply with legal requirements.<\/p>\n\n\n\n<p><strong>4. Cookies<\/strong><\/p>\n\n\n\n<p>We use cookies and similar technologies to enhance the user experience and analyse website traffic. By browsing our store, you agree to the use of cookies in accordance with our cookies policy.<\/p>\n\n\n\n<p><strong>5. Access and Control Rights<\/strong><\/p>\n\n\n\n<p>Users have the right to access, correct, delete, or request the removal of their personal information. They may exercise these rights at any time by contacting us at info@tsispa.com<\/p>\n\n\n\n<p><strong>6. Data Retention Policy<\/strong><\/p>\n\n\n\n<p>We retain personal information for as long as necessary to fulfil the purposes for which it was collected, or as required by law.<\/p>\n\n\n\n<p><strong>7. Changes to the Privacy Policy<\/strong><\/p>\n\n\n\n<p>We reserve the right to update or modify this policy at any time. Updates will be posted on this page with a new \u201clast updated\u201d date.<\/p>\n\n\n\n<p><strong>8. Contact<\/strong><\/p>\n\n\n\n<p>For any questions about our privacy policy, you may contact us at info@tsispa.com<\/p>","protected":false},"excerpt":{"rendered":"<p>1. Informaci\u00f3n Recopilada TSISPA (\u00abnosotros\u00bb, \u00abnuestro\u00bb o \u00abla Empresa\u00bb) recopila informaci\u00f3n personal de los usuarios de nuestra tienda online. Esta informaci\u00f3n puede incluir, entre otros, nombres, direcciones de correo electr\u00f3nico, direcciones de env\u00edo, informaci\u00f3n de pago y detalles de la compra. 2. Uso de la Informaci\u00f3n La informaci\u00f3n personal recopilada se utiliza para procesar pedidos, [&hellip;]<\/p>","protected":false},"author":1,"featured_media":0,"parent":0,"menu_order":0,"comment_status":"closed","ping_status":"open","template":"","meta":{"_uag_custom_page_level_css":"","_uf_show_specific_survey":0,"_uf_disable_surveys":false,"site-sidebar-layout":"default","site-content-layout":"","ast-site-content-layout":"default","site-content-style":"default","site-sidebar-style":"default","ast-global-header-display":"","ast-banner-title-visibility":"","ast-main-header-display":"","ast-hfb-above-header-display":"","ast-hfb-below-header-display":"","ast-hfb-mobile-header-display":"","site-post-title":"","ast-breadcrumbs-content":"","ast-featured-img":"","footer-sml-layout":"","theme-transparent-header-meta":"","adv-header-id-meta":"","stick-header-meta":"","header-above-stick-meta":"","header-main-stick-meta":"","header-below-stick-meta":"","astra-migrate-meta-layouts":"set","ast-page-background-enabled":"default","ast-page-background-meta":{"desktop":{"background-color":"var(--ast-global-color-4)","background-image":"","background-repeat":"repeat","background-position":"center center","background-size":"auto","background-attachment":"scroll","background-type":"","background-media":"","overlay-type":"","overlay-color":"","overlay-opacity":"","overlay-gradient":""},"tablet":{"background-color":"","background-image":"","background-repeat":"repeat","background-position":"center center","background-size":"auto","background-attachment":"scroll","background-type":"","background-media":"","overlay-type":"","overlay-color":"","overlay-opacity":"","overlay-gradient":""},"mobile":{"background-color":"","background-image":"","background-repeat":"repeat","background-position":"center center","background-size":"auto","background-attachment":"scroll","background-type":"","background-media":"","overlay-type":"","overlay-color":"","overlay-opacity":"","overlay-gradient":""}},"ast-content-background-meta":{"desktop":{"background-color":"var(--ast-global-color-5)","background-image":"","background-repeat":"repeat","background-position":"center center","background-size":"auto","background-attachment":"scroll","background-type":"","background-media":"","overlay-type":"","overlay-color":"","overlay-opacity":"","overlay-gradient":""},"tablet":{"background-color":"var(--ast-global-color-5)","background-image":"","background-repeat":"repeat","background-position":"center center","background-size":"auto","background-attachment":"scroll","background-type":"","background-media":"","overlay-type":"","overlay-color":"","overlay-opacity":"","overlay-gradient":""},"mobile":{"background-color":"var(--ast-global-color-5)","background-image":"","background-repeat":"repeat","background-position":"center center","background-size":"auto","background-attachment":"scroll","background-type":"","background-media":"","overlay-type":"","overlay-color":"","overlay-opacity":"","overlay-gradient":""}},"footnotes":""},"class_list":["post-3","page","type-page","status-publish","hentry"],"uagb_featured_image_src":{"full":false,"thumbnail":false,"medium":false,"medium_large":false,"large":false,"1536x1536":false,"2048x2048":false,"trp-custom-language-flag":false,"woocommerce_thumbnail":false,"woocommerce_single":false,"woocommerce_gallery_thumbnail":false},"uagb_author_info":{"display_name":"tsispa.com","author_link":"https:\/\/tsispa.com\/en\/author\/tsispa-com\/"},"uagb_comment_info":0,"uagb_excerpt":"1. Informaci\u00f3n Recopilada TSISPA (\u00abnosotros\u00bb, \u00abnuestro\u00bb o \u00abla Empresa\u00bb) recopila informaci\u00f3n personal de los usuarios de nuestra tienda online. Esta informaci\u00f3n puede incluir, entre otros, nombres, direcciones de correo electr\u00f3nico, direcciones de env\u00edo, informaci\u00f3n de pago y detalles de la compra. 2. Uso de la Informaci\u00f3n La informaci\u00f3n personal recopilada se utiliza para procesar pedidos,&hellip;","_links":{"self":[{"href":"https:\/\/tsispa.com\/en\/wp-json\/wp\/v2\/pages\/3","targetHints":{"allow":["GET"]}}],"collection":[{"href":"https:\/\/tsispa.com\/en\/wp-json\/wp\/v2\/pages"}],"about":[{"href":"https:\/\/tsispa.com\/en\/wp-json\/wp\/v2\/types\/page"}],"author":[{"embeddable":true,"href":"https:\/\/tsispa.com\/en\/wp-json\/wp\/v2\/users\/1"}],"replies":[{"embeddable":true,"href":"https:\/\/tsispa.com\/en\/wp-json\/wp\/v2\/comments?post=3"}],"version-history":[{"count":2,"href":"https:\/\/tsispa.com\/en\/wp-json\/wp\/v2\/pages\/3\/revisions"}],"predecessor-version":[{"id":3216,"href":"https:\/\/tsispa.com\/en\/wp-json\/wp\/v2\/pages\/3\/revisions\/3216"}],"wp:attachment":[{"href":"https:\/\/tsispa.com\/en\/wp-json\/wp\/v2\/media?parent=3"}],"curies":[{"name":"wp","href":"https:\/\/api.w.org\/{rel}","templated":true}]}}