{"id":4212,"date":"2024-05-10T14:24:32","date_gmt":"2024-05-10T12:24:32","guid":{"rendered":"https:\/\/tsispa.com\/?post_type=product&#038;p=4212"},"modified":"2025-09-16T12:32:34","modified_gmt":"2025-09-16T10:32:34","slug":"abrigo-mevak-chocolate","status":"publish","type":"product","link":"https:\/\/tsispa.com\/en\/lana-calefactables\/abrigo-mevak-chocolate\/","title":{"rendered":"Mevak Chocolate Brown Coat"},"content":{"rendered":"<ul>\n<li>Long coat made of 100% wool, with an intermediate insulating layer and matching lining.<\/li>\n<li>Cuello americano de 2 posiciones con im\u00e1n de cierre en la solapa.<\/li>\n<li>Hidden cuffs fitted to the wrist.<\/li>\n<li>Garment handcrafted 100% in Spain.<\/li>\n<li>Heating system with 6 warming zones: 2 on the back, 2 on the chest, and 2 in the front pockets.<\/li>\n<li>3 temperature levels: Low (35\u00baC), Medium (40\u00baC), and High (50\u00baC).<\/li>\n<li><strong>Includes a 5000mAh battery.<\/strong><\/li>\n<\/ul>","protected":false},"excerpt":{"rendered":"<p>In Serbian culture, Mevak is the feeling of pleasure that comes from life\u2019s little things: sharing moments with friends, enjoying your favorite meal or\u2014why not?\u2014switching on your heated coat on a cold winter\u2019s day.<\/p>\n<p>Discover the perfect fusion of functionality and style with our exclusive coat, handcrafted from 100% wool.<\/p>\n<p><strong>Choose the color you like best, place your order, and we will contact you to request your measurements.<\/strong><\/p>\n<div class=\"cfvsw-swatches-container cfvsw-product-container\">\n<div onclick=\"location.href='abrigo-mevak-amarillo'\" class=\"cfvsw-swatches-option cfvsw-image-option\" style=\"min-width: 24px; min-height: 24px; border-radius: 3px;\" data-slug=\"Amarillo\" data-title=\"Amarillo\" data-tooltip=\"Amarillo\">\n<div class=\"cfvsw-swatch-inner\" style=\"background-image: url('https:\/\/tsispa.com\/wp-content\/uploads\/2024\/02\/amarillo.webp'); background-size: cover; margin-bottom: 0em;\"><\/div>\n<\/div>\n<div onclick=\"location.href='abrigo-mevak-azul-bebe'\" class=\"cfvsw-swatches-option cfvsw-image-option\" style=\"min-width: 24px; min-height: 24px; border-radius: 3px;\" data-slug=\"Azul Beb\u00e9\" data-title=\"Azul Beb\u00e9\" data-tooltip=\"Azul Beb\u00e9\">\n<div class=\"cfvsw-swatch-inner\" style=\"background-image: url('https:\/\/tsispa.com\/wp-content\/uploads\/2024\/02\/azul-bebe.webp'); background-size: cover; margin-bottom: 0em;\"><\/div>\n<\/div>\n<div onclick=\"location.href='abrigo-mevak-azul-cielo'\" class=\"cfvsw-swatches-option cfvsw-image-option\" style=\"min-width: 24px; min-height: 24px; border-radius: 3px;\" data-slug=\"Azul Cielo\" data-title=\"Azul Cielo\" data-tooltip=\"Azul Cielo\">\n<div class=\"cfvsw-swatch-inner\" style=\"background-image: url('https:\/\/tsispa.com\/wp-content\/uploads\/2024\/02\/azul-cielo.webp'); background-size: cover; margin-bottom: 0em;\"><\/div>\n<\/div>\n<div onclick=\"location.href='abrigo-mevak-azul-electrico'\" class=\"cfvsw-swatches-option cfvsw-image-option\" style=\"min-width: 24px; min-height: 24px; border-radius: 3px;\" data-slug=\"Azul El\u00e9ctrico\" data-title=\"Azul El\u00e9ctrico\" data-tooltip=\"Azul El\u00e9ctrico\">\n<div class=\"cfvsw-swatch-inner\" style=\"background-image: url('https:\/\/tsispa.com\/wp-content\/uploads\/2024\/02\/azul-electrico.webp'); background-size: cover; margin-bottom: 0em;\"><\/div>\n<\/div>\n<div onclick=\"location.href='abrigo-mevak-azul-marino'\" class=\"cfvsw-swatches-option cfvsw-image-option\" style=\"min-width: 24px; min-height: 24px; border-radius: 3px;\" data-slug=\"Azul Marino\" data-title=\"Azul Marino\" data-tooltip=\"Azul Marino\">\n<div class=\"cfvsw-swatch-inner\" style=\"background-image: url('https:\/\/tsispa.com\/wp-content\/uploads\/2024\/02\/azul-marino.webp'); background-size: cover; margin-bottom: 0em;\"><\/div>\n<\/div>\n<div onclick=\"location.href='abrigo-mevak-beige'\" class=\"cfvsw-swatches-option cfvsw-image-option\" style=\"min-width: 24px; min-height: 24px; border-radius: 3px;\" data-slug=\"Beige\" data-title=\"Beige\" data-tooltip=\"Beige\">\n<div class=\"cfvsw-swatch-inner\" style=\"background-image: url('https:\/\/tsispa.com\/wp-content\/uploads\/2024\/02\/beige.webp'); background-size: cover; margin-bottom: 0em;\"><\/div>\n<\/div>\n<div onclick=\"location.href='abrigo-mevak-blanco-roto'\" class=\"cfvsw-swatches-option cfvsw-image-option\" style=\"min-width: 24px; min-height: 24px; border-radius: 3px;\" data-slug=\"Blanco Roto\" data-title=\"Blanco Roto\" data-tooltip=\"Blanco Roto\">\n<div class=\"cfvsw-swatch-inner\" style=\"background-image: url('https:\/\/tsispa.com\/wp-content\/uploads\/2024\/02\/blanco-roto.webp'); background-size: cover; margin-bottom: 0em;\"><\/div>\n<\/div>\n<div onclick=\"location.href='abrigo-mevak-burdeos'\" class=\"cfvsw-swatches-option cfvsw-image-option\" style=\"min-width: 24px; min-height: 24px; border-radius: 3px;\" data-slug=\"Burdeos\" data-title=\"Burdeos\" data-tooltip=\"Burdeos\">\n<div class=\"cfvsw-swatch-inner\" style=\"background-image: url('https:\/\/tsispa.com\/wp-content\/uploads\/2024\/02\/burdeos.webp'); background-size: cover; margin-bottom: 0em;\"><\/div>\n<\/div>\n<div onclick=\"location.href='abrigo-mevak-camel'\" class=\"cfvsw-swatches-option cfvsw-image-option\" style=\"min-width: 24px; min-height: 24px; border-radius: 3px;\" data-slug=\"Camel\" data-title=\"Camel\" data-tooltip=\"Camel\">\n<div class=\"cfvsw-swatch-inner\" style=\"background-image: url('https:\/\/tsispa.com\/wp-content\/uploads\/2024\/02\/camel.webp'); background-size: cover; margin-bottom: 0em;\"><\/div>\n<\/div>\n<div onclick=\"location.href='abrigo-mevak-caqui'\" class=\"cfvsw-swatches-option cfvsw-image-option\" style=\"min-width: 24px; min-height: 24px; border-radius: 3px;\" data-slug=\"Caqui\" data-title=\"Caqui\" data-tooltip=\"Caqui\">\n<div class=\"cfvsw-swatch-inner\" style=\"background-image: url('https:\/\/tsispa.com\/wp-content\/uploads\/2024\/02\/caqui.webp'); background-size: cover; margin-bottom: 0em;\"><\/div>\n<\/div>\n<div class=\"cfvsw-swatches-option cfvsw-image-option cfvsw-selected-swatch\" style=\"min-width: 24px; min-height: 24px; border-radius: 3px;\" data-slug=\"Chocolate\" data-title=\"Chocolate\" data-tooltip=\"Chocolate\">\n<div class=\"cfvsw-swatch-inner\" style=\"background-image: url('https:\/\/tsispa.com\/wp-content\/uploads\/2024\/02\/chocolate.webp'); background-size: cover; margin-bottom: 0em;\"><\/div>\n<\/div>\n<div onclick=\"location.href='abrigo-mevak-fucsia'\" class=\"cfvsw-swatches-option cfvsw-image-option\" style=\"min-width: 24px; min-height: 24px; border-radius: 3px;\" data-slug=\"Fucsia\" data-title=\"Fucsia\" data-tooltip=\"Fucsia\">\n<div class=\"cfvsw-swatch-inner\" style=\"background-image: url('https:\/\/tsispa.com\/wp-content\/uploads\/2024\/02\/fucsia.webp'); background-size: cover; margin-bottom: 0em;\"><\/div>\n<\/div>\n<div onclick=\"location.href='abrigo-mevak-gris-claro'\" class=\"cfvsw-swatches-option cfvsw-image-option\" style=\"min-width: 24px; min-height: 24px; border-radius: 3px;\" data-slug=\"Gris Claro\" data-title=\"Gris Claro\" data-tooltip=\"Gris Claro\">\n<div class=\"cfvsw-swatch-inner\" style=\"background-image: url('https:\/\/tsispa.com\/wp-content\/uploads\/2024\/02\/gris-claro.webp'); background-size: cover; margin-bottom: 0em;\"><\/div>\n<\/div>\n<div onclick=\"location.href='abrigo-mevak-gris-oscuro'\" class=\"cfvsw-swatches-option cfvsw-image-option\" style=\"min-width: 24px; min-height: 24px; border-radius: 3px;\" data-slug=\"Gris Oscuro\" data-title=\"Gris Oscuro\" data-tooltip=\"Gris Oscuro\">\n<div class=\"cfvsw-swatch-inner\" style=\"background-image: url('https:\/\/tsispa.com\/wp-content\/uploads\/2024\/02\/gris-oscuro.webp'); background-size: cover; margin-bottom: 0em;\"><\/div>\n<\/div>\n<div onclick=\"location.href='abrigo-mevak-indigo'\" class=\"cfvsw-swatches-option cfvsw-image-option\" style=\"min-width: 24px; min-height: 24px; border-radius: 3px;\" data-slug=\"\u00cdndigo\" data-title=\"\u00cdndigo\" data-tooltip=\"\u00cdndigo\">\n<div class=\"cfvsw-swatch-inner\" style=\"background-image: url('https:\/\/tsispa.com\/wp-content\/uploads\/2024\/05\/indigo.webp'); background-size: cover; margin-bottom: 0em;\"><\/div>\n<\/div>\n<div onclick=\"location.href='abrigo-mevak-ladrillo'\" class=\"cfvsw-swatches-option cfvsw-image-option\" style=\"min-width: 24px; min-height: 24px; border-radius: 3px;\" data-slug=\"Ladrillo\" data-title=\"Ladrillo\" data-tooltip=\"Ladrillo\">\n<div class=\"cfvsw-swatch-inner\" style=\"background-image: url('https:\/\/tsispa.com\/wp-content\/uploads\/2024\/02\/ladrillo.webp'); background-size: cover; margin-bottom: 0em;\"><\/div>\n<\/div>\n<div onclick=\"location.href='abrigo-mevak-lila'\" class=\"cfvsw-swatches-option cfvsw-image-option\" style=\"min-width: 24px; min-height: 24px; border-radius: 3px;\" data-slug=\"Lila\" data-title=\"Lila\" data-tooltip=\"Lila\">\n<div class=\"cfvsw-swatch-inner\" style=\"background-image: url('https:\/\/tsispa.com\/wp-content\/uploads\/2024\/02\/lila.webp'); background-size: cover; margin-bottom: 0em;\"><\/div>\n<\/div>\n<div onclick=\"location.href='abrigo-mevak-magenta'\" class=\"cfvsw-swatches-option cfvsw-image-option\" style=\"min-width: 24px; min-height: 24px; border-radius: 3px;\" data-slug=\"Magenta\" data-title=\"Magenta\" data-tooltip=\"Magenta\">\n<div class=\"cfvsw-swatch-inner\" style=\"background-image: url('https:\/\/tsispa.com\/wp-content\/uploads\/2024\/02\/magenta.webp'); background-size: cover; margin-bottom: 0em;\"><\/div>\n<\/div>\n<div onclick=\"location.href='abrigo-mevak-marron'\" class=\"cfvsw-swatches-option cfvsw-image-option\" style=\"min-width: 24px; min-height: 24px; border-radius: 3px;\" data-slug=\"Marr\u00f3n\" data-title=\"Marr\u00f3n\" data-tooltip=\"Marr\u00f3n\">\n<div class=\"cfvsw-swatch-inner\" style=\"background-image: url('https:\/\/tsispa.com\/wp-content\/uploads\/2024\/02\/marron.webp'); background-size: cover; margin-bottom: 0em;\"><\/div>\n<\/div>\n<div onclick=\"location.href='abrigo-mevak-morado'\" class=\"cfvsw-swatches-option cfvsw-image-option\" style=\"min-width: 24px; min-height: 24px; border-radius: 3px;\" data-slug=\"Morado\" data-title=\"Morado\" data-tooltip=\"Morado\">\n<div class=\"cfvsw-swatch-inner\" style=\"background-image: url('https:\/\/tsispa.com\/wp-content\/uploads\/2024\/02\/morado.webp'); background-size: cover; margin-bottom: 0em;\"><\/div>\n<\/div>\n<div onclick=\"location.href='abrigo-mevak-naranja'\" class=\"cfvsw-swatches-option cfvsw-image-option\" style=\"min-width: 24px; min-height: 24px; border-radius: 3px;\" data-slug=\"Naranja\" data-title=\"Naranja\" data-tooltip=\"Naranja\">\n<div class=\"cfvsw-swatch-inner\" style=\"background-image: url('https:\/\/tsispa.com\/wp-content\/uploads\/2024\/02\/naranja.webp'); background-size: cover; margin-bottom: 0em;\"><\/div>\n<\/div>\n<div onclick=\"location.href='abrigo-mevak-negro'\" class=\"cfvsw-swatches-option cfvsw-image-option\" style=\"min-width: 24px; min-height: 24px; border-radius: 3px;\" data-slug=\"Negro\" data-title=\"Negro\" data-tooltip=\"Negro\">\n<div class=\"cfvsw-swatch-inner\" style=\"background-image: url('https:\/\/tsispa.com\/wp-content\/uploads\/2024\/02\/negro.webp'); background-size: cover; margin-bottom: 0em;\"><\/div>\n<\/div>\n<div onclick=\"location.href='abrigo-mevak-perla'\" class=\"cfvsw-swatches-option cfvsw-image-option\" style=\"min-width: 24px; min-height: 24px; border-radius: 3px;\" data-slug=\"Perla\" data-title=\"Perla\" data-tooltip=\"Perla\">\n<div class=\"cfvsw-swatch-inner\" style=\"background-image: url('https:\/\/tsispa.com\/wp-content\/uploads\/2024\/02\/perla.webp'); background-size: cover; margin-bottom: 0em;\"><\/div>\n<\/div>\n<div onclick=\"location.href='abrigo-mevak-rojo'\" class=\"cfvsw-swatches-option cfvsw-image-option\" style=\"min-width: 24px; min-height: 24px; border-radius: 3px;\" data-slug=\"Rojo\" data-title=\"Rojo\" data-tooltip=\"Rojo\">\n<div class=\"cfvsw-swatch-inner\" style=\"background-image: url('https:\/\/tsispa.com\/wp-content\/uploads\/2024\/02\/rojo.webp'); background-size: cover; margin-bottom: 0em;\"><\/div>\n<\/div>\n<div onclick=\"location.href='abrigo-mevak-rosado'\" class=\"cfvsw-swatches-option cfvsw-image-option\" style=\"min-width: 24px; min-height: 24px; border-radius: 3px;\" data-slug=\"Rosado\" data-title=\"Rosado\" data-tooltip=\"Rosado\">\n<div class=\"cfvsw-swatch-inner\" style=\"background-image: url('https:\/\/tsispa.com\/wp-content\/uploads\/2024\/02\/rosado.webp'); background-size: cover; margin-bottom: 0em;\"><\/div>\n<\/div>\n<div onclick=\"location.href='abrigo-mevak-rosa-pastel'\" class=\"cfvsw-swatches-option cfvsw-image-option\" style=\"min-width: 24px; min-height: 24px; border-radius: 3px;\" data-slug=\"Rosa Pastel\" data-title=\"Rosa Pastel\" data-tooltip=\"Rosa Pastel\">\n<div class=\"cfvsw-swatch-inner\" style=\"background-image: url('https:\/\/tsispa.com\/wp-content\/uploads\/2024\/02\/rosa-pastel.webp'); background-size: cover; margin-bottom: 0em;\"><\/div>\n<\/div>\n<div onclick=\"location.href='abrigo-mevak-turquesa'\" class=\"cfvsw-swatches-option cfvsw-image-option\" style=\"min-width: 24px; min-height: 24px; border-radius: 3px;\" data-slug=\"Turquesa\" data-title=\"Turquesa\" data-tooltip=\"Turquesa\">\n<div class=\"cfvsw-swatch-inner\" style=\"background-image: url('https:\/\/tsispa.com\/wp-content\/uploads\/2024\/02\/turquesa.webp'); background-size: cover; margin-bottom: 0em;\"><\/div>\n<\/div>\n<div onclick=\"location.href='abrigo-mevak-verde'\" class=\"cfvsw-swatches-option cfvsw-image-option\" style=\"min-width: 24px; min-height: 24px; border-radius: 3px;\" data-slug=\"Verde\" data-title=\"Verde\" data-tooltip=\"Verde\">\n<div class=\"cfvsw-swatch-inner\" style=\"background-image: url('https:\/\/tsispa.com\/wp-content\/uploads\/2024\/02\/verde.webp'); background-size: cover; margin-bottom: 0em;\"><\/div>\n<\/div>\n<div onclick=\"location.href='abrigo-mevak-verde-agua'\" class=\"cfvsw-swatches-option cfvsw-image-option\" style=\"min-width: 24px; min-height: 24px; border-radius: 3px;\" data-slug=\"Verde Agua\" data-title=\"Verde Agua\" data-tooltip=\"Verde Agua\">\n<div class=\"cfvsw-swatch-inner\" style=\"background-image: url('https:\/\/tsispa.com\/wp-content\/uploads\/2024\/02\/verde-agua.webp'); background-size: cover; margin-bottom: 0em;\"><\/div>\n<\/div>\n<div onclick=\"location.href='abrigo-mevak-verde-botella'\" class=\"cfvsw-swatches-option cfvsw-image-option\" style=\"min-width: 24px; min-height: 24px; border-radius: 3px;\" data-slug=\"Verde Botella\" data-title=\"Verde Botella\" data-tooltip=\"Verde Botella\">\n<div class=\"cfvsw-swatch-inner\" style=\"background-image: url('https:\/\/tsispa.com\/wp-content\/uploads\/2024\/02\/verde-botella.webp'); background-size: cover; margin-bottom: 0em;\"><\/div>\n<\/div>\n<div onclick=\"location.href='abrigo-mevak-verde-oliva'\" class=\"cfvsw-swatches-option cfvsw-image-option\" style=\"min-width: 24px; min-height: 24px; border-radius: 3px;\" data-slug=\"Verde Oliva\" data-title=\"Verde Oliva\" data-tooltip=\"Verde Oliva\">\n<div class=\"cfvsw-swatch-inner\" style=\"background-image: url('https:\/\/tsispa.com\/wp-content\/uploads\/2024\/02\/verde-oliva.webp'); background-size: cover; margin-bottom: 0em;\"><\/div>\n<\/div>\n<div onclick=\"location.href='abrigo-mevak-verde-oscuro'\" class=\"cfvsw-swatches-option cfvsw-image-option\" style=\"min-width: 24px; min-height: 24px; border-radius: 3px;\" data-slug=\"Verde Oscuro\" data-title=\"Verde Oscuro\" data-tooltip=\"Verde Oscuro\">\n<div class=\"cfvsw-swatch-inner\" style=\"background-image: url('https:\/\/tsispa.com\/wp-content\/uploads\/2024\/05\/verde-oscuro.webp'); background-size: cover; margin-bottom: 0em;\"><\/div>\n<\/div>\n<\/div>\n<table class=\"variations cfvsw-variation-disable-logic\" cellspacing=\"0\" role=\"presentation\"><\/table>","protected":false},"featured_media":5022,"comment_status":"open","ping_status":"closed","template":"","meta":{"_uag_custom_page_level_css":"","_uf_show_specific_survey":0,"_uf_disable_surveys":false,"site-sidebar-layout":"default","site-content-layout":"","ast-site-content-layout":"default","site-content-style":"default","site-sidebar-style":"default","ast-global-header-display":"","ast-banner-title-visibility":"","ast-main-header-display":"","ast-hfb-above-header-display":"","ast-hfb-below-header-display":"","ast-hfb-mobile-header-display":"","site-post-title":"","ast-breadcrumbs-content":"","ast-featured-img":"","footer-sml-layout":"","theme-transparent-header-meta":"default","adv-header-id-meta":"","stick-header-meta":"","header-above-stick-meta":"","header-main-stick-meta":"","header-below-stick-meta":"","astra-migrate-meta-layouts":"set","ast-page-background-enabled":"default","ast-page-background-meta":{"desktop":{"background-color":"var(--ast-global-color-4)","background-image":"","background-repeat":"repeat","background-position":"center center","background-size":"auto","background-attachment":"scroll","background-type":"","background-media":"","overlay-type":"","overlay-color":"","overlay-opacity":"","overlay-gradient":""},"tablet":{"background-color":"","background-image":"","background-repeat":"repeat","background-position":"center center","background-size":"auto","background-attachment":"scroll","background-type":"","background-media":"","overlay-type":"","overlay-color":"","overlay-opacity":"","overlay-gradient":""},"mobile":{"background-color":"","background-image":"","background-repeat":"repeat","background-position":"center center","background-size":"auto","background-attachment":"scroll","background-type":"","background-media":"","overlay-type":"","overlay-color":"","overlay-opacity":"","overlay-gradient":""}},"ast-content-background-meta":{"desktop":{"background-color":"var(--ast-global-color-5)","background-image":"","background-repeat":"repeat","background-position":"center center","background-size":"auto","background-attachment":"scroll","background-type":"","background-media":"","overlay-type":"","overlay-color":"","overlay-opacity":"","overlay-gradient":""},"tablet":{"background-color":"var(--ast-global-color-5)","background-image":"","background-repeat":"repeat","background-position":"center center","background-size":"auto","background-attachment":"scroll","background-type":"","background-media":"","overlay-type":"","overlay-color":"","overlay-opacity":"","overlay-gradient":""},"mobile":{"background-color":"var(--ast-global-color-5)","background-image":"","background-repeat":"repeat","background-position":"center center","background-size":"auto","background-attachment":"scroll","background-type":"","background-media":"","overlay-type":"","overlay-color":"","overlay-opacity":"","overlay-gradient":""}}},"product_brand":[],"product_cat":[21],"product_tag":[],"class_list":{"0":"post-4212","1":"product","2":"type-product","3":"status-publish","4":"has-post-thumbnail","6":"product_cat-lana-calefactables","7":"desktop-align-left","8":"tablet-align-left","9":"mobile-align-left","11":"first","12":"instock","13":"taxable","14":"shipping-taxable","15":"purchasable","16":"product-type-simple"},"uagb_featured_image_src":{"full":["https:\/\/tsispa.com\/wp-content\/uploads\/2024\/05\/abrigo-chocolate-lana-calefactable-mevak-abierto.webp",1707,2560,false],"thumbnail":["https:\/\/tsispa.com\/wp-content\/uploads\/2024\/05\/abrigo-chocolate-lana-calefactable-mevak-abierto-380x570.webp",380,570,true],"medium":["https:\/\/tsispa.com\/wp-content\/uploads\/2024\/05\/abrigo-chocolate-lana-calefactable-mevak-abierto-380x570.webp",380,570,true],"medium_large":["https:\/\/tsispa.com\/wp-content\/uploads\/2024\/05\/abrigo-chocolate-lana-calefactable-mevak-abierto-768x1152.webp",768,1152,true],"large":["https:\/\/tsispa.com\/wp-content\/uploads\/2024\/05\/abrigo-chocolate-lana-calefactable-mevak-abierto-683x1024.webp",683,1024,true],"1536x1536":["https:\/\/tsispa.com\/wp-content\/uploads\/2024\/05\/abrigo-chocolate-lana-calefactable-mevak-abierto-1024x1536.webp",1024,1536,true],"2048x2048":["https:\/\/tsispa.com\/wp-content\/uploads\/2024\/05\/abrigo-chocolate-lana-calefactable-mevak-abierto-1366x2048.webp",1366,2048,true],"trp-custom-language-flag":["https:\/\/tsispa.com\/wp-content\/uploads\/2024\/05\/abrigo-chocolate-lana-calefactable-mevak-abierto.webp",8,12,false],"woocommerce_thumbnail":["https:\/\/tsispa.com\/wp-content\/uploads\/2024\/05\/abrigo-chocolate-lana-calefactable-mevak-abierto-592x888.webp",592,888,true],"woocommerce_single":["https:\/\/tsispa.com\/wp-content\/uploads\/2024\/05\/abrigo-chocolate-lana-calefactable-mevak-abierto-935x1402.webp",935,1402,true],"woocommerce_gallery_thumbnail":["https:\/\/tsispa.com\/wp-content\/uploads\/2024\/05\/abrigo-chocolate-lana-calefactable-mevak-abierto-100x100.webp",100,100,true]},"uagb_author_info":{"display_name":"tsispa.com","author_link":"https:\/\/tsispa.com\/en\/author\/"},"uagb_comment_info":0,"uagb_excerpt":"En la cultura serbia, Mevak es la sensaci\u00f3n de placer que se obtiene de las peque\u00f1as cosas de la vida: compartir momentos con amigos, disfrutar de tu comida favorita o, \u00bfpor qu\u00e9 no?, encender tu abrigo calefactable en un fr\u00edo d\u00eda de invierno. Descubre la fusi\u00f3n perfecta entre funcionalidad y estilo con nuestro exclusivo abrigo&hellip;","_links":{"self":[{"href":"https:\/\/tsispa.com\/en\/wp-json\/wp\/v2\/product\/4212","targetHints":{"allow":["GET"]}}],"collection":[{"href":"https:\/\/tsispa.com\/en\/wp-json\/wp\/v2\/product"}],"about":[{"href":"https:\/\/tsispa.com\/en\/wp-json\/wp\/v2\/types\/product"}],"replies":[{"embeddable":true,"href":"https:\/\/tsispa.com\/en\/wp-json\/wp\/v2\/comments?post=4212"}],"wp:featuredmedia":[{"embeddable":true,"href":"https:\/\/tsispa.com\/en\/wp-json\/wp\/v2\/media\/5022"}],"wp:attachment":[{"href":"https:\/\/tsispa.com\/en\/wp-json\/wp\/v2\/media?parent=4212"}],"wp:term":[{"taxonomy":"product_brand","embeddable":true,"href":"https:\/\/tsispa.com\/en\/wp-json\/wp\/v2\/product_brand?post=4212"},{"taxonomy":"product_cat","embeddable":true,"href":"https:\/\/tsispa.com\/en\/wp-json\/wp\/v2\/product_cat?post=4212"},{"taxonomy":"product_tag","embeddable":true,"href":"https:\/\/tsispa.com\/en\/wp-json\/wp\/v2\/product_tag?post=4212"}],"curies":[{"name":"wp","href":"https:\/\/api.w.org\/{rel}","templated":true}]}}