{"id":5354,"date":"2024-06-12T12:21:38","date_gmt":"2024-06-12T10:21:38","guid":{"rendered":"https:\/\/tsispa.com\/?post_type=product&#038;p=5354"},"modified":"2025-09-16T12:15:12","modified_gmt":"2025-09-16T10:15:12","slug":"abrigo-kalon-perla","status":"publish","type":"product","link":"https:\/\/tsispa.com\/en\/lana-calefactables\/abrigo-kalon-perla\/","title":{"rendered":"Kal\u00f3n Pearl Coat"},"content":{"rendered":"<ul>\n<li>Short coat made of 100% wool, with an insulating middle layer and matching lining.<\/li>\n<li>Cuello de smoking de 2 posiciones con im\u00e1n de cierre en la solapa.<\/li>\n<li>Hidden cuffs fitted to the wrist.<\/li>\n<li>Garment handcrafted 100% in Spain.<\/li>\n<li>Heating system with 6 warming zones: 2 on the back, 2 on the chest, and 2 in the front pockets.<\/li>\n<li>3 temperature levels: Low (35\u00baC), Medium (40\u00baC), and High (50\u00baC).<\/li>\n<li><strong>Includes a 5000mAh battery.<\/strong><\/li>\n<\/ul>","protected":false},"excerpt":{"rendered":"<p>In ancient Greece, Kal\u00f3n did not only imply physical beauty, but also moral and ethical beauty. Let Kal\u00f3n be the symbol of the integrity within you and show the world the true essence of being Kal\u00f3n.<\/p>\n<p>Discover the perfect fusion of functionality and style with our exclusive coat, handcrafted from 100% wool.<\/p>\n<p><strong>Choose the color you like best, place your order, and we will contact you to request your measurements.<\/strong><\/p>\n<div class=\"cfvsw-swatches-container cfvsw-product-container\">\n<div onclick=\"location.href='abrigo-kalon-amarillo'\" class=\"cfvsw-swatches-option cfvsw-image-option\" style=\"min-width: 24px; min-height: 24px; border-radius: 3px;\" data-slug=\"Amarillo\" data-title=\"Amarillo\" data-tooltip=\"Amarillo\">\n<div class=\"cfvsw-swatch-inner\" style=\"background-image: url('https:\/\/tsispa.com\/wp-content\/uploads\/2024\/02\/amarillo.webp'); background-size: cover; margin-bottom: 0em;\"><\/div>\n<\/div>\n<div onclick=\"location.href='abrigo-kalon-azul-bebe'\" class=\"cfvsw-swatches-option cfvsw-image-option\" style=\"min-width: 24px; min-height: 24px; border-radius: 3px;\" data-slug=\"Azul Beb\u00e9\" data-title=\"Azul Beb\u00e9\" data-tooltip=\"Azul Beb\u00e9\">\n<div class=\"cfvsw-swatch-inner\" style=\"background-image: url('https:\/\/tsispa.com\/wp-content\/uploads\/2024\/02\/azul-bebe.webp'); background-size: cover; margin-bottom: 0em;\"><\/div>\n<\/div>\n<div onclick=\"location.href='abrigo-kalon-azul-cielo'\" class=\"cfvsw-swatches-option cfvsw-image-option\" style=\"min-width: 24px; min-height: 24px; border-radius: 3px;\" data-slug=\"Azul Cielo\" data-title=\"Azul Cielo\" data-tooltip=\"Azul Cielo\">\n<div class=\"cfvsw-swatch-inner\" style=\"background-image: url('https:\/\/tsispa.com\/wp-content\/uploads\/2024\/02\/azul-cielo.webp'); background-size: cover; margin-bottom: 0em;\"><\/div>\n<\/div>\n<div onclick=\"location.href='abrigo-kalon-azul-electrico'\" class=\"cfvsw-swatches-option cfvsw-image-option\" style=\"min-width: 24px; min-height: 24px; border-radius: 3px;\" data-slug=\"Azul El\u00e9ctrico\" data-title=\"Azul El\u00e9ctrico\" data-tooltip=\"Azul El\u00e9ctrico\">\n<div class=\"cfvsw-swatch-inner\" style=\"background-image: url('https:\/\/tsispa.com\/wp-content\/uploads\/2024\/02\/azul-electrico.webp'); background-size: cover; margin-bottom: 0em;\"><\/div>\n<\/div>\n<div onclick=\"location.href='abrigo-kalon-azul-marino'\" class=\"cfvsw-swatches-option cfvsw-image-option\" style=\"min-width: 24px; min-height: 24px; border-radius: 3px;\" data-slug=\"Azul Marino\" data-title=\"Azul Marino\" data-tooltip=\"Azul Marino\">\n<div class=\"cfvsw-swatch-inner\" style=\"background-image: url('https:\/\/tsispa.com\/wp-content\/uploads\/2024\/02\/azul-marino.webp'); background-size: cover; margin-bottom: 0em;\"><\/div>\n<\/div>\n<div onclick=\"location.href='abrigo-kalon-beige'\" class=\"cfvsw-swatches-option cfvsw-image-option\" style=\"min-width: 24px; min-height: 24px; border-radius: 3px;\" data-slug=\"Beige\" data-title=\"Beige\" data-tooltip=\"Beige\">\n<div class=\"cfvsw-swatch-inner\" style=\"background-image: url('https:\/\/tsispa.com\/wp-content\/uploads\/2024\/02\/beige.webp'); background-size: cover; margin-bottom: 0em;\"><\/div>\n<\/div>\n<div onclick=\"location.href='abrigo-kalon-blanco-roto'\" class=\"cfvsw-swatches-option cfvsw-image-option\" style=\"min-width: 24px; min-height: 24px; border-radius: 3px;\" data-slug=\"Blanco Roto\" data-title=\"Blanco Roto\" data-tooltip=\"Blanco Roto\">\n<div class=\"cfvsw-swatch-inner\" style=\"background-image: url('https:\/\/tsispa.com\/wp-content\/uploads\/2024\/02\/blanco-roto.webp'); background-size: cover; margin-bottom: 0em;\"><\/div>\n<\/div>\n<div onclick=\"location.href='abrigo-kalon-burdeos'\" class=\"cfvsw-swatches-option cfvsw-image-option\" style=\"min-width: 24px; min-height: 24px; border-radius: 3px;\" data-slug=\"Burdeos\" data-title=\"Burdeos\" data-tooltip=\"Burdeos\">\n<div class=\"cfvsw-swatch-inner\" style=\"background-image: url('https:\/\/tsispa.com\/wp-content\/uploads\/2024\/02\/burdeos.webp'); background-size: cover; margin-bottom: 0em;\"><\/div>\n<\/div>\n<div onclick=\"location.href='abrigo-kalon-camel'\" class=\"cfvsw-swatches-option cfvsw-image-option\" style=\"min-width: 24px; min-height: 24px; border-radius: 3px;\" data-slug=\"Camel\" data-title=\"Camel\" data-tooltip=\"Camel\">\n<div class=\"cfvsw-swatch-inner\" style=\"background-image: url('https:\/\/tsispa.com\/wp-content\/uploads\/2024\/02\/camel.webp'); background-size: cover; margin-bottom: 0em;\"><\/div>\n<\/div>\n<div onclick=\"location.href='abrigo-kalon-caqui'\" class=\"cfvsw-swatches-option cfvsw-image-option\" style=\"min-width: 24px; min-height: 24px; border-radius: 3px;\" data-slug=\"Caqui\" data-title=\"Caqui\" data-tooltip=\"Caqui\">\n<div class=\"cfvsw-swatch-inner\" style=\"background-image: url('https:\/\/tsispa.com\/wp-content\/uploads\/2024\/02\/caqui.webp'); background-size: cover; margin-bottom: 0em;\"><\/div>\n<\/div>\n<div onclick=\"location.href='abrigo-kalon-chocolate'\" class=\"cfvsw-swatches-option cfvsw-image-option\" style=\"min-width: 24px; min-height: 24px; border-radius: 3px;\" data-slug=\"Chocolate\" data-title=\"Chocolate\" data-tooltip=\"Chocolate\">\n<div class=\"cfvsw-swatch-inner\" style=\"background-image: url('https:\/\/tsispa.com\/wp-content\/uploads\/2024\/02\/chocolate.webp'); background-size: cover; margin-bottom: 0em;\"><\/div>\n<\/div>\n<div onclick=\"location.href='abrigo-kalon-fucsia'\" class=\"cfvsw-swatches-option cfvsw-image-option\" style=\"min-width: 24px; min-height: 24px; border-radius: 3px;\" data-slug=\"Fucsia\" data-title=\"Fucsia\" data-tooltip=\"Fucsia\">\n<div class=\"cfvsw-swatch-inner\" style=\"background-image: url('https:\/\/tsispa.com\/wp-content\/uploads\/2024\/02\/fucsia.webp'); background-size: cover; margin-bottom: 0em;\"><\/div>\n<\/div>\n<div onclick=\"location.href='abrigo-kalon-gris-claro'\" class=\"cfvsw-swatches-option cfvsw-image-option\" style=\"min-width: 24px; min-height: 24px; border-radius: 3px;\" data-slug=\"Gris Claro\" data-title=\"Gris Claro\" data-tooltip=\"Gris Claro\">\n<div class=\"cfvsw-swatch-inner\" style=\"background-image: url('https:\/\/tsispa.com\/wp-content\/uploads\/2024\/02\/gris-claro.webp'); background-size: cover; margin-bottom: 0em;\"><\/div>\n<\/div>\n<div onclick=\"location.href='abrigo-kalon-gris-oscuro'\" class=\"cfvsw-swatches-option cfvsw-image-option\" style=\"min-width: 24px; min-height: 24px; border-radius: 3px;\" data-slug=\"Gris Oscuro\" data-title=\"Gris Oscuro\" data-tooltip=\"Gris Oscuro\">\n<div class=\"cfvsw-swatch-inner\" style=\"background-image: url('https:\/\/tsispa.com\/wp-content\/uploads\/2024\/02\/gris-oscuro.webp'); background-size: cover; margin-bottom: 0em;\"><\/div>\n<\/div>\n<div onclick=\"location.href='abrigo-kalon-indigo'\" class=\"cfvsw-swatches-option cfvsw-image-option\" style=\"min-width: 24px; min-height: 24px; border-radius: 3px;\" data-slug=\"\u00cdndigo\" data-title=\"\u00cdndigo\" data-tooltip=\"\u00cdndigo\">\n<div class=\"cfvsw-swatch-inner\" style=\"background-image: url('https:\/\/tsispa.com\/wp-content\/uploads\/2024\/05\/indigo.webp'); background-size: cover; margin-bottom: 0em;\"><\/div>\n<\/div>\n<div onclick=\"location.href='abrigo-kalon-ladrillo'\" class=\"cfvsw-swatches-option cfvsw-image-option\" style=\"min-width: 24px; min-height: 24px; border-radius: 3px;\" data-slug=\"Ladrillo\" data-title=\"Ladrillo\" data-tooltip=\"Ladrillo\">\n<div class=\"cfvsw-swatch-inner\" style=\"background-image: url('https:\/\/tsispa.com\/wp-content\/uploads\/2024\/02\/ladrillo.webp'); background-size: cover; margin-bottom: 0em;\"><\/div>\n<\/div>\n<div onclick=\"location.href='abrigo-kalon-lila'\" class=\"cfvsw-swatches-option cfvsw-image-option\" style=\"min-width: 24px; min-height: 24px; border-radius: 3px;\" data-slug=\"Lila\" data-title=\"Lila\" data-tooltip=\"Lila\">\n<div class=\"cfvsw-swatch-inner\" style=\"background-image: url('https:\/\/tsispa.com\/wp-content\/uploads\/2024\/02\/lila.webp'); background-size: cover; margin-bottom: 0em;\"><\/div>\n<\/div>\n<div onclick=\"location.href='abrigo-kalon-magenta'\" class=\"cfvsw-swatches-option cfvsw-image-option\" style=\"min-width: 24px; min-height: 24px; border-radius: 3px;\" data-slug=\"Magenta\" data-title=\"Magenta\" data-tooltip=\"Magenta\">\n<div class=\"cfvsw-swatch-inner\" style=\"background-image: url('https:\/\/tsispa.com\/wp-content\/uploads\/2024\/02\/magenta.webp'); background-size: cover; margin-bottom: 0em;\"><\/div>\n<\/div>\n<div onclick=\"location.href='abrigo-kalon-marron'\" class=\"cfvsw-swatches-option cfvsw-image-option\" style=\"min-width: 24px; min-height: 24px; border-radius: 3px;\" data-slug=\"Marr\u00f3n\" data-title=\"Marr\u00f3n\" data-tooltip=\"Marr\u00f3n\">\n<div class=\"cfvsw-swatch-inner\" style=\"background-image: url('https:\/\/tsispa.com\/wp-content\/uploads\/2024\/02\/marron.webp'); background-size: cover; margin-bottom: 0em;\"><\/div>\n<\/div>\n<div onclick=\"location.href='abrigo-kalon-morado'\" class=\"cfvsw-swatches-option cfvsw-image-option\" style=\"min-width: 24px; min-height: 24px; border-radius: 3px;\" data-slug=\"Morado\" data-title=\"Morado\" data-tooltip=\"Morado\">\n<div class=\"cfvsw-swatch-inner\" style=\"background-image: url('https:\/\/tsispa.com\/wp-content\/uploads\/2024\/02\/morado.webp'); background-size: cover; margin-bottom: 0em;\"><\/div>\n<\/div>\n<div onclick=\"location.href='abrigo-kalon-naranja'\" class=\"cfvsw-swatches-option cfvsw-image-option\" style=\"min-width: 24px; min-height: 24px; border-radius: 3px;\" data-slug=\"Naranja\" data-title=\"Naranja\" data-tooltip=\"Naranja\">\n<div class=\"cfvsw-swatch-inner\" style=\"background-image: url('https:\/\/tsispa.com\/wp-content\/uploads\/2024\/02\/naranja.webp'); background-size: cover; margin-bottom: 0em;\"><\/div>\n<\/div>\n<div onclick=\"location.href='abrigo-kalon-negro'\" class=\"cfvsw-swatches-option cfvsw-image-option\" style=\"min-width: 24px; min-height: 24px; border-radius: 3px;\" data-slug=\"Negro\" data-title=\"Negro\" data-tooltip=\"Negro\">\n<div class=\"cfvsw-swatch-inner\" style=\"background-image: url('https:\/\/tsispa.com\/wp-content\/uploads\/2024\/02\/negro.webp'); background-size: cover; margin-bottom: 0em;\"><\/div>\n<\/div>\n<div class=\"cfvsw-swatches-option cfvsw-image-option cfvsw-selected-swatch\" style=\"min-width: 24px; min-height: 24px; border-radius: 3px;\" data-slug=\"Perla\" data-title=\"Perla\" data-tooltip=\"Perla\">\n<div class=\"cfvsw-swatch-inner\" style=\"background-image: url('https:\/\/tsispa.com\/wp-content\/uploads\/2024\/02\/perla.webp'); background-size: cover; margin-bottom: 0em;\"><\/div>\n<\/div>\n<div onclick=\"location.href='abrigo-kalon-rojo'\" class=\"cfvsw-swatches-option cfvsw-image-option\" style=\"min-width: 24px; min-height: 24px; border-radius: 3px;\" data-slug=\"Rojo\" data-title=\"Rojo\" data-tooltip=\"Rojo\">\n<div class=\"cfvsw-swatch-inner\" style=\"background-image: url('https:\/\/tsispa.com\/wp-content\/uploads\/2024\/02\/rojo.webp'); background-size: cover; margin-bottom: 0em;\"><\/div>\n<\/div>\n<div onclick=\"location.href='abrigo-kalon-rosado'\" class=\"cfvsw-swatches-option cfvsw-image-option\" style=\"min-width: 24px; min-height: 24px; border-radius: 3px;\" data-slug=\"Rosado\" data-title=\"Rosado\" data-tooltip=\"Rosado\">\n<div class=\"cfvsw-swatch-inner\" style=\"background-image: url('https:\/\/tsispa.com\/wp-content\/uploads\/2024\/02\/rosado.webp'); background-size: cover; margin-bottom: 0em;\"><\/div>\n<\/div>\n<div onclick=\"location.href='abrigo-kalon-rosa-pastel'\" class=\"cfvsw-swatches-option cfvsw-image-option\" style=\"min-width: 24px; min-height: 24px; border-radius: 3px;\" data-slug=\"Rosa Pastel\" data-title=\"Rosa Pastel\" data-tooltip=\"Rosa Pastel\">\n<div class=\"cfvsw-swatch-inner\" style=\"background-image: url('https:\/\/tsispa.com\/wp-content\/uploads\/2024\/02\/rosa-pastel.webp'); background-size: cover; margin-bottom: 0em;\"><\/div>\n<\/div>\n<div onclick=\"location.href='abrigo-kalon-turquesa'\" class=\"cfvsw-swatches-option cfvsw-image-option\" style=\"min-width: 24px; min-height: 24px; border-radius: 3px;\" data-slug=\"Turquesa\" data-title=\"Turquesa\" data-tooltip=\"Turquesa\">\n<div class=\"cfvsw-swatch-inner\" style=\"background-image: url('https:\/\/tsispa.com\/wp-content\/uploads\/2024\/02\/turquesa.webp'); background-size: cover; margin-bottom: 0em;\"><\/div>\n<\/div>\n<div onclick=\"location.href='abrigo-kalon-verde'\" class=\"cfvsw-swatches-option cfvsw-image-option\" style=\"min-width: 24px; min-height: 24px; border-radius: 3px;\" data-slug=\"Verde\" data-title=\"Verde\" data-tooltip=\"Verde\">\n<div class=\"cfvsw-swatch-inner\" style=\"background-image: url('https:\/\/tsispa.com\/wp-content\/uploads\/2024\/02\/verde.webp'); background-size: cover; margin-bottom: 0em;\"><\/div>\n<\/div>\n<div onclick=\"location.href='abrigo-kalon-verde-agua'\" class=\"cfvsw-swatches-option cfvsw-image-option\" style=\"min-width: 24px; min-height: 24px; border-radius: 3px;\" data-slug=\"Verde Agua\" data-title=\"Verde Agua\" data-tooltip=\"Verde Agua\">\n<div class=\"cfvsw-swatch-inner\" style=\"background-image: url('https:\/\/tsispa.com\/wp-content\/uploads\/2024\/02\/verde-agua.webp'); background-size: cover; margin-bottom: 0em;\"><\/div>\n<\/div>\n<div onclick=\"location.href='abrigo-kalon-verde-botella'\" class=\"cfvsw-swatches-option cfvsw-image-option\" style=\"min-width: 24px; min-height: 24px; border-radius: 3px;\" data-slug=\"Verde Botella\" data-title=\"Verde Botella\" data-tooltip=\"Verde Botella\">\n<div class=\"cfvsw-swatch-inner\" style=\"background-image: url('https:\/\/tsispa.com\/wp-content\/uploads\/2024\/02\/verde-botella.webp'); background-size: cover; margin-bottom: 0em;\"><\/div>\n<\/div>\n<div onclick=\"location.href='abrigo-kalon-verde-oliva'\" class=\"cfvsw-swatches-option cfvsw-image-option\" style=\"min-width: 24px; min-height: 24px; border-radius: 3px;\" data-slug=\"Verde Oliva\" data-title=\"Verde Oliva\" data-tooltip=\"Verde Oliva\">\n<div class=\"cfvsw-swatch-inner\" style=\"background-image: url('https:\/\/tsispa.com\/wp-content\/uploads\/2024\/02\/verde-oliva.webp'); background-size: cover; margin-bottom: 0em;\"><\/div>\n<\/div>\n<div onclick=\"location.href='abrigo-kalon-verde-oscuro'\" class=\"cfvsw-swatches-option cfvsw-image-option\" style=\"min-width: 24px; min-height: 24px; border-radius: 3px;\" data-slug=\"Verde Oscuro\" data-title=\"Verde Oscuro\" data-tooltip=\"Verde Oscuro\">\n<div class=\"cfvsw-swatch-inner\" style=\"background-image: url('https:\/\/tsispa.com\/wp-content\/uploads\/2024\/05\/verde-oscuro.webp'); background-size: cover; margin-bottom: 0em;\"><\/div>\n<\/div>\n<\/div>\n<table class=\"variations cfvsw-variation-disable-logic\" cellspacing=\"0\" role=\"presentation\"><\/table>","protected":false},"featured_media":5436,"comment_status":"open","ping_status":"closed","template":"","meta":{"_uag_custom_page_level_css":"","_uf_show_specific_survey":0,"_uf_disable_surveys":false,"site-sidebar-layout":"default","site-content-layout":"","ast-site-content-layout":"default","site-content-style":"default","site-sidebar-style":"default","ast-global-header-display":"","ast-banner-title-visibility":"","ast-main-header-display":"","ast-hfb-above-header-display":"","ast-hfb-below-header-display":"","ast-hfb-mobile-header-display":"","site-post-title":"","ast-breadcrumbs-content":"","ast-featured-img":"","footer-sml-layout":"","theme-transparent-header-meta":"default","adv-header-id-meta":"","stick-header-meta":"","header-above-stick-meta":"","header-main-stick-meta":"","header-below-stick-meta":"","astra-migrate-meta-layouts":"set","ast-page-background-enabled":"default","ast-page-background-meta":{"desktop":{"background-color":"var(--ast-global-color-4)","background-image":"","background-repeat":"repeat","background-position":"center center","background-size":"auto","background-attachment":"scroll","background-type":"","background-media":"","overlay-type":"","overlay-color":"","overlay-opacity":"","overlay-gradient":""},"tablet":{"background-color":"","background-image":"","background-repeat":"repeat","background-position":"center center","background-size":"auto","background-attachment":"scroll","background-type":"","background-media":"","overlay-type":"","overlay-color":"","overlay-opacity":"","overlay-gradient":""},"mobile":{"background-color":"","background-image":"","background-repeat":"repeat","background-position":"center center","background-size":"auto","background-attachment":"scroll","background-type":"","background-media":"","overlay-type":"","overlay-color":"","overlay-opacity":"","overlay-gradient":""}},"ast-content-background-meta":{"desktop":{"background-color":"var(--ast-global-color-5)","background-image":"","background-repeat":"repeat","background-position":"center center","background-size":"auto","background-attachment":"scroll","background-type":"","background-media":"","overlay-type":"","overlay-color":"","overlay-opacity":"","overlay-gradient":""},"tablet":{"background-color":"var(--ast-global-color-5)","background-image":"","background-repeat":"repeat","background-position":"center center","background-size":"auto","background-attachment":"scroll","background-type":"","background-media":"","overlay-type":"","overlay-color":"","overlay-opacity":"","overlay-gradient":""},"mobile":{"background-color":"var(--ast-global-color-5)","background-image":"","background-repeat":"repeat","background-position":"center center","background-size":"auto","background-attachment":"scroll","background-type":"","background-media":"","overlay-type":"","overlay-color":"","overlay-opacity":"","overlay-gradient":""}}},"product_brand":[],"product_cat":[21],"product_tag":[],"class_list":{"0":"post-5354","1":"product","2":"type-product","3":"status-publish","4":"has-post-thumbnail","6":"product_cat-lana-calefactables","7":"desktop-align-left","8":"tablet-align-left","9":"mobile-align-left","11":"first","12":"instock","13":"taxable","14":"shipping-taxable","15":"purchasable","16":"product-type-simple"},"uagb_featured_image_src":{"full":["https:\/\/tsispa.com\/wp-content\/uploads\/2024\/06\/abrigo-perla-lana-calefactable-kalon-abierto.webp",1707,2560,false],"thumbnail":["https:\/\/tsispa.com\/wp-content\/uploads\/2024\/06\/abrigo-perla-lana-calefactable-kalon-abierto-380x570.webp",380,570,true],"medium":["https:\/\/tsispa.com\/wp-content\/uploads\/2024\/06\/abrigo-perla-lana-calefactable-kalon-abierto-380x570.webp",380,570,true],"medium_large":["https:\/\/tsispa.com\/wp-content\/uploads\/2024\/06\/abrigo-perla-lana-calefactable-kalon-abierto-768x1152.webp",768,1152,true],"large":["https:\/\/tsispa.com\/wp-content\/uploads\/2024\/06\/abrigo-perla-lana-calefactable-kalon-abierto-683x1024.webp",683,1024,true],"1536x1536":["https:\/\/tsispa.com\/wp-content\/uploads\/2024\/06\/abrigo-perla-lana-calefactable-kalon-abierto-1024x1536.webp",1024,1536,true],"2048x2048":["https:\/\/tsispa.com\/wp-content\/uploads\/2024\/06\/abrigo-perla-lana-calefactable-kalon-abierto-1366x2048.webp",1366,2048,true],"trp-custom-language-flag":["https:\/\/tsispa.com\/wp-content\/uploads\/2024\/06\/abrigo-perla-lana-calefactable-kalon-abierto.webp",8,12,false],"woocommerce_thumbnail":["https:\/\/tsispa.com\/wp-content\/uploads\/2024\/06\/abrigo-perla-lana-calefactable-kalon-abierto-592x888.webp",592,888,true],"woocommerce_single":["https:\/\/tsispa.com\/wp-content\/uploads\/2024\/06\/abrigo-perla-lana-calefactable-kalon-abierto-935x1402.webp",935,1402,true],"woocommerce_gallery_thumbnail":["https:\/\/tsispa.com\/wp-content\/uploads\/2024\/06\/abrigo-perla-lana-calefactable-kalon-abierto-100x100.webp",100,100,true]},"uagb_author_info":{"display_name":"tsispa.com","author_link":"https:\/\/tsispa.com\/en\/author\/"},"uagb_comment_info":0,"uagb_excerpt":"En la antigua Grecia, Kal\u00f3n no s\u00f3lo implicaba una belleza f\u00edsica, sino tambi\u00e9n una belleza moral y \u00e9tica. Deja que el Kal\u00f3n sea el s\u00edmbolo de la integridad que llevas dentro y muestra al mundo la verdadera esencia de ser Kal\u00f3n. Descubre la fusi\u00f3n perfecta entre funcionalidad y estilo con nuestro exclusivo abrigo fabricado artesanalmente&hellip;","_links":{"self":[{"href":"https:\/\/tsispa.com\/en\/wp-json\/wp\/v2\/product\/5354","targetHints":{"allow":["GET"]}}],"collection":[{"href":"https:\/\/tsispa.com\/en\/wp-json\/wp\/v2\/product"}],"about":[{"href":"https:\/\/tsispa.com\/en\/wp-json\/wp\/v2\/types\/product"}],"replies":[{"embeddable":true,"href":"https:\/\/tsispa.com\/en\/wp-json\/wp\/v2\/comments?post=5354"}],"wp:featuredmedia":[{"embeddable":true,"href":"https:\/\/tsispa.com\/en\/wp-json\/wp\/v2\/media\/5436"}],"wp:attachment":[{"href":"https:\/\/tsispa.com\/en\/wp-json\/wp\/v2\/media?parent=5354"}],"wp:term":[{"taxonomy":"product_brand","embeddable":true,"href":"https:\/\/tsispa.com\/en\/wp-json\/wp\/v2\/product_brand?post=5354"},{"taxonomy":"product_cat","embeddable":true,"href":"https:\/\/tsispa.com\/en\/wp-json\/wp\/v2\/product_cat?post=5354"},{"taxonomy":"product_tag","embeddable":true,"href":"https:\/\/tsispa.com\/en\/wp-json\/wp\/v2\/product_tag?post=5354"}],"curies":[{"name":"wp","href":"https:\/\/api.w.org\/{rel}","templated":true}]}}